{"id":17,"date":"2024-12-03T17:30:36","date_gmt":"2024-12-03T17:30:36","guid":{"rendered":"https:\/\/innermindhack.com\/?page_id=17"},"modified":"2024-12-23T17:12:17","modified_gmt":"2024-12-23T17:12:17","slug":"my-approach","status":"publish","type":"page","link":"https:\/\/innermindhack.com\/de\/my-approach\/","title":{"rendered":"MEIN ANSATZ"},"content":{"rendered":"<div data-elementor-type=\"wp-page\" data-elementor-id=\"17\" class=\"elementor elementor-17\" data-elementor-post-type=\"page\">\n\t\t\t\t<div class=\"elementor-element elementor-element-e8729a7 e-flex e-con-boxed e-con e-parent\" data-id=\"e8729a7\" data-element_type=\"container\" data-e-type=\"container\" data-settings=\"{&quot;background_background&quot;:&quot;classic&quot;}\">\n\t\t\t\t\t<div class=\"e-con-inner\">\n\t\t<div class=\"elementor-element elementor-element-4e7703c e-con-full e-flex e-con e-child\" data-id=\"4e7703c\" data-element_type=\"container\" data-e-type=\"container\">\n\t\t<div class=\"elementor-element elementor-element-88275cb e-con-full e-flex e-con e-child\" data-id=\"88275cb\" data-element_type=\"container\" data-e-type=\"container\">\n\t\t\t\t<div class=\"elementor-element elementor-element-01b05ce elementor-widget__width-initial elementor-widget elementor-widget-image-box\" data-id=\"01b05ce\" data-element_type=\"widget\" data-e-type=\"widget\" data-widget_type=\"image-box.default\">\n\t\t\t\t<div class=\"elementor-widget-container\">\n\t\t\t\t\t<div class=\"elementor-image-box-wrapper\"><div class=\"elementor-image-box-content\"><h3 class=\"elementor-image-box-title\">Neurolinguistisches Programmieren<\/h3><p class=\"elementor-image-box-description\">Das Neuro-Linguistische Programmieren (NLP), entwickelt von Richard Bandler, besch\u00e4ftigt sich mit der Verbindung zwischen neurologischen Prozessen, Sprache und Verhaltensmustern. Diese Methode bef\u00e4higt Menschen, tiefgreifende Ver\u00e4nderungen zu bewirken, indem sie ihre Denk- und Kommunikationsmuster verstehen und neu programmieren.\nMit meiner Ausbildung zum zertifizierten NLP Master Practitioner unterst\u00fctze ich dich dabei, einschr\u00e4nkende Glaubenss\u00e4tze und alte Muster zu durchbrechen, um mit Klarheit und Selbstvertrauen neue Wege zu gehen.<\/p><\/div><\/div>\t\t\t\t<\/div>\n\t\t\t\t<\/div>\n\t\t\t\t<\/div>\n\t\t<div class=\"elementor-element elementor-element-2394e66 e-con-full e-flex e-con e-child\" data-id=\"2394e66\" data-element_type=\"container\" data-e-type=\"container\">\n\t\t\t\t<div class=\"elementor-element elementor-element-9c4610c elementor-widget__width-initial elementor-widget elementor-widget-image-box\" data-id=\"9c4610c\" data-element_type=\"widget\" data-e-type=\"widget\" data-widget_type=\"image-box.default\">\n\t\t\t\t<div class=\"elementor-widget-container\">\n\t\t\t\t\t<div class=\"elementor-image-box-wrapper\"><div class=\"elementor-image-box-content\"><h3 class=\"elementor-image-box-title\">Hypnose<\/h3><p class=\"elementor-image-box-description\">Hypnotherapie ist eine kraftvolle Methode, die durch gef\u00fchrte Entspannung und gezielte Fokussierung direkten Zugang zum Unterbewusstsein erm\u00f6glicht. Dieser Ansatz f\u00f6rdert tiefe Entspannung, hilft, verborgene Themen zu erkennen, und er\u00f6ffnet transformative Einsichten und Heilungsprozesse.\nAls zertifizierter Hypnocoach unterst\u00fctze ich dich dabei, diese Methode zu nutzen, um Herausforderungen zu \u00fcberwinden und deine Ziele zu erreichen.<\/p><\/div><\/div>\t\t\t\t<\/div>\n\t\t\t\t<\/div>\n\t\t\t\t<\/div>\n\t\t\t\t<\/div>\n\t\t<div class=\"elementor-element elementor-element-7b61b93 e-con-full e-flex e-con e-child\" data-id=\"7b61b93\" data-element_type=\"container\" data-e-type=\"container\">\n\t\t<div class=\"elementor-element elementor-element-b3db1b6 e-con-full e-flex e-con e-child\" data-id=\"b3db1b6\" data-element_type=\"container\" data-e-type=\"container\">\n\t\t\t\t<div class=\"elementor-element elementor-element-68d02ac elementor-widget__width-initial elementor-widget elementor-widget-image-box\" data-id=\"68d02ac\" data-element_type=\"widget\" data-e-type=\"widget\" data-widget_type=\"image-box.default\">\n\t\t\t\t<div class=\"elementor-widget-container\">\n\t\t\t\t\t<div class=\"elementor-image-box-wrapper\"><div class=\"elementor-image-box-content\"><h3 class=\"elementor-image-box-title\">Energiearbeit<\/h3><p class=\"elementor-image-box-description\">In meiner Arbeit setze ich energetische Techniken wie Reiki und Chakra-Ausgleich ein, um innere Harmonie und Wohlbefinden zu f\u00f6rdern.\nDamit wir unser volles Potenzial entfalten k\u00f6nnen, muss unsere Lebensenergie frei flie\u00dfen. Oft wird dieser Fluss durch Blockaden in bestimmten Energiezentren oder Chakren eingeschr\u00e4nkt. Gemeinsam k\u00f6nnen wir diese Blockaden identifizieren und Methoden anwenden, um den Energiefluss wiederherzustellen und zu optimieren.<\/p><\/div><\/div>\t\t\t\t<\/div>\n\t\t\t\t<\/div>\n\t\t\t\t<\/div>\n\t\t<div class=\"elementor-element elementor-element-5a887a9 e-con-full e-flex e-con e-child\" data-id=\"5a887a9\" data-element_type=\"container\" data-e-type=\"container\">\n\t\t\t\t<div class=\"elementor-element elementor-element-9bb4c53 elementor-widget__width-initial elementor-widget elementor-widget-image-box\" data-id=\"9bb4c53\" data-element_type=\"widget\" data-e-type=\"widget\" data-widget_type=\"image-box.default\">\n\t\t\t\t<div class=\"elementor-widget-container\">\n\t\t\t\t\t<div class=\"elementor-image-box-wrapper\"><div class=\"elementor-image-box-content\"><h3 class=\"elementor-image-box-title\">Mystische Studien<\/h3><p class=\"elementor-image-box-description\">Meine Erfahrung mit indigenen Ritualien mit Schamanen und Heilern in S\u00fcdamerika, er\u00f6ffneten mir ein tiefes Verst\u00e4ndnis f\u00fcr ver\u00e4nderte Bewusstseinszust\u00e4nde und pers\u00f6nliche Transformation. Dieses Wissen lasse ich in mein Coaching einflie\u00dfen, um dir zu helfen, tiefere Ebenen deines Selbst zu entdecken und eine st\u00e4rkere Verbindung zu deinem Inneren herzustellen.<\/p><\/div><\/div>\t\t\t\t<\/div>\n\t\t\t\t<\/div>\n\t\t\t\t<\/div>\n\t\t\t\t<\/div>\n\t\t<div class=\"elementor-element elementor-element-4958fb5 e-con-full e-flex e-con e-child\" data-id=\"4958fb5\" data-element_type=\"container\" data-e-type=\"container\">\n\t\t<div class=\"elementor-element elementor-element-4fed288 e-con-full e-flex e-con e-child\" data-id=\"4fed288\" data-element_type=\"container\" data-e-type=\"container\">\n\t\t\t\t<div class=\"elementor-element elementor-element-cb5dd88 elementor-widget elementor-widget-image-box\" data-id=\"cb5dd88\" data-element_type=\"widget\" data-e-type=\"widget\" data-widget_type=\"image-box.default\">\n\t\t\t\t<div class=\"elementor-widget-container\">\n\t\t\t\t\t<div class=\"elementor-image-box-wrapper\"><div class=\"elementor-image-box-content\"><p class=\"elementor-image-box-description\">Mein Ansatz verbindet subtile energetische Techniken mit praktischen, ergebnisorientierten Methoden. So kannst du tiefgreifende Ver\u00e4nderungen erleben und gleichzeitig mit einem klaren und zielorientierten Fokus im Alltag verankert bleiben.<\/p><\/div><\/div>\t\t\t\t<\/div>\n\t\t\t\t<\/div>\n\t\t\t\t<div class=\"elementor-element elementor-element-7c25b89 elementor-widget__width-initial elementor-widget elementor-widget-text-editor\" data-id=\"7c25b89\" data-element_type=\"widget\" data-e-type=\"widget\" data-widget_type=\"text-editor.default\">\n\t\t\t\t<div class=\"elementor-widget-container\">\n\t\t\t\t\t\t\t\t\t<p>\"Ich verstehe, wie das Streben nach \u00e4u\u00dferen Erfolgen dazu f\u00fchren kann, sich innerlich leer und entfremdet zu f\u00fchlen. Meine Mission ist es, dich auf deinem Weg zu innerem Frieden und Authentizit\u00e4t zu begleiten.\u201c<\/p>\t\t\t\t\t\t\t\t<\/div>\n\t\t\t\t<\/div>\n\t\t\t\t<\/div>\n\t\t\t\t<\/div>\n\t\t\t\t\t<\/div>\n\t\t\t\t<\/div>\n\t\t<div class=\"elementor-element elementor-element-f1dc805 e-flex e-con-boxed e-con e-parent\" data-id=\"f1dc805\" data-element_type=\"container\" data-e-type=\"container\" data-settings=\"{&quot;background_background&quot;:&quot;classic&quot;}\">\n\t\t\t\t\t<div class=\"e-con-inner\">\n\t\t\t\t<div class=\"elementor-element elementor-element-9a314fa elementor-widget__width-initial elementor-widget elementor-widget-heading\" data-id=\"9a314fa\" data-element_type=\"widget\" data-e-type=\"widget\" data-widget_type=\"heading.default\">\n\t\t\t\t<div class=\"elementor-widget-container\">\n\t\t\t\t\t<h2 class=\"elementor-heading-title elementor-size-default\">Aus alten Mustern ausbrechen:\nWie mein Coaching dich unterst\u00fctzen kann<\/h2>\t\t\t\t<\/div>\n\t\t\t\t<\/div>\n\t\t\t\t<div class=\"elementor-element elementor-element-6590ba1 elementor-widget__width-initial elementor-widget elementor-widget-text-editor\" data-id=\"6590ba1\" data-element_type=\"widget\" data-e-type=\"widget\" data-widget_type=\"text-editor.default\">\n\t\t\t\t<div class=\"elementor-widget-container\">\n\t\t\t\t\t\t\t\t\t<p>In der heutigen schnelllebigen Welt ist es leicht, in Gewohnheiten zu verfallen, die uns ausbremsen. Ob es darum geht, emotionale Schmerzen durch Essen oder Substanzen zu bet\u00e4uben, sich in Arbeit zu st\u00fcrzen, um sich von tieferliegenden Problemen abzulenken, oder stundenlang ziellos auf Bildschirmen zu scrollen \u2013 diese Muster wirken vielleicht wie kurzfristige L\u00f6sungen. Doch sie hinterlassen oft ein Gef\u00fchl von Leere, Isolation und Unzufriedenheit.<\/p><p>Mein Coaching setzt genau hier an. Mit einer Kombination aus erprobten Methoden unterst\u00fctze ich dich dabei, die Wurzeln dieser Muster zu erkennen und zu durchbrechen. Ob durch Hypno-Coaching, um emotionale Ausl\u00f6ser zu l\u00f6sen, oder mit NLP, um blockierende Glaubenss\u00e4tze und Verhaltensmuster neu zu gestalten \u2013 gemeinsam schaffen wir die Basis f\u00fcr nachhaltige Ver\u00e4nderungen.<\/p><p>Mein Ansatz richtet sich ganz nach deinen Bed\u00fcrfnissen und Herausforderungen. Ich helfe dir, Klarheit zu finden und den Mut zu entwickeln, neue Schritte zu gehen.<\/p><p>Zwischen unseren Sitzungen gebe ich dir einfache \u00dcbungen und Denkanst\u00f6\u00dfe mit, die dich dabei unterst\u00fctzen, deine Erkenntnisse im Alltag umzusetzen. So k\u00f6nnen neue Denk- und Verhaltensweisen auf nat\u00fcrliche Weise Teil deines Lebens werden.<\/p><p>Es geht nicht darum, Probleme zu verdr\u00e4ngen, sondern sie wirklich zu l\u00f6sen. Gemeinsam schaffen wir Raum f\u00fcr St\u00e4rke, Authentizit\u00e4t und eine tiefere Verbindung zu dir selbst. So kannst du ein Leben voller Balance und Erf\u00fcllung f\u00fchren.\nReady? Dann lass uns loslegen!<\/p>\t\t\t\t\t\t\t\t<\/div>\n\t\t\t\t<\/div>\n\t\t\t\t<div class=\"elementor-element elementor-element-74af831 elementor-widget elementor-widget-button\" data-id=\"74af831\" data-element_type=\"widget\" data-e-type=\"widget\" data-widget_type=\"button.default\">\n\t\t\t\t<div class=\"elementor-widget-container\">\n\t\t\t\t\t\t\t\t\t<div class=\"elementor-button-wrapper\">\n\t\t\t\t\t<a class=\"elementor-button elementor-button-link elementor-size-sm elementor-animation-grow\" href=\"https:\/\/innermindhack.com\/de\/contact\/\">\n\t\t\t\t\t\t<span class=\"elementor-button-content-wrapper\">\n\t\t\t\t\t\t\t\t\t<span class=\"elementor-button-text\">Kontakt<\/span>\n\t\t\t\t\t<\/span>\n\t\t\t\t\t<\/a>\n\t\t\t\t<\/div>\n\t\t\t\t\t\t\t\t<\/div>\n\t\t\t\t<\/div>\n\t\t\t\t\t<\/div>\n\t\t\t\t<\/div>\n\t\t\t\t<\/div>","protected":false},"excerpt":{"rendered":"<p>Neuro-Linguistic Programming NLP, founded by Richard Bandler, focuses on the connection between neurological processes, language, and behavioural patterns. It empowers individuals to create meaningful change by understanding and reprogramming the way they think and communicate. My NLP training equips me to guide clients in breaking free from limiting beliefs and outdated patterns, enabling them to [&hellip;]<\/p>","protected":false},"author":1,"featured_media":0,"parent":0,"menu_order":0,"comment_status":"closed","ping_status":"closed","template":"elementor_header_footer","meta":{"footnotes":""},"class_list":["post-17","page","type-page","status-publish","hentry"],"yoast_head":"<!-- This site is optimized with the Yoast SEO plugin v24.1 - https:\/\/yoast.com\/wordpress\/plugins\/seo\/ -->\n<title>My approach - Nadja Coach<\/title>\n<meta name=\"robots\" content=\"noindex, follow, max-snippet:-1, max-image-preview:large, max-video-preview:-1\" \/>\n<meta property=\"og:locale\" content=\"de_DE\" \/>\n<meta property=\"og:type\" content=\"article\" \/>\n<meta property=\"og:title\" content=\"My approach - Nadja Coach\" \/>\n<meta property=\"og:description\" content=\"Neuro-Linguistic Programming NLP, founded by Richard Bandler, focuses on the connection between neurological processes, language, and behavioural patterns. It empowers individuals to create meaningful change by understanding and reprogramming the way they think and communicate. My NLP training equips me to guide clients in breaking free from limiting beliefs and outdated patterns, enabling them to [&hellip;]\" \/>\n<meta property=\"og:url\" content=\"https:\/\/innermindhack.com\/de\/my-approach\/\" \/>\n<meta property=\"og:site_name\" content=\"Nadja Coach\" \/>\n<meta property=\"article:modified_time\" content=\"2024-12-23T17:12:17+00:00\" \/>\n<meta name=\"twitter:card\" content=\"summary_large_image\" \/>\n<meta name=\"twitter:label1\" content=\"Gesch\u00e4tzte Lesezeit\" \/>\n\t<meta name=\"twitter:data1\" content=\"3\u00a0Minuten\" \/>\n<script type=\"application\/ld+json\" class=\"yoast-schema-graph\">{\"@context\":\"https:\/\/schema.org\",\"@graph\":[{\"@type\":\"WebPage\",\"@id\":\"https:\/\/innermindhack.com\/my-approach\/\",\"url\":\"https:\/\/innermindhack.com\/my-approach\/\",\"name\":\"My approach - Nadja Coach\",\"isPartOf\":{\"@id\":\"https:\/\/innermindhack.com\/#website\"},\"datePublished\":\"2024-12-03T17:30:36+00:00\",\"dateModified\":\"2024-12-23T17:12:17+00:00\",\"breadcrumb\":{\"@id\":\"https:\/\/innermindhack.com\/my-approach\/#breadcrumb\"},\"inLanguage\":\"de\",\"potentialAction\":[{\"@type\":\"ReadAction\",\"target\":[\"https:\/\/innermindhack.com\/my-approach\/\"]}]},{\"@type\":\"BreadcrumbList\",\"@id\":\"https:\/\/innermindhack.com\/my-approach\/#breadcrumb\",\"itemListElement\":[{\"@type\":\"ListItem\",\"position\":1,\"name\":\"Home\",\"item\":\"https:\/\/innermindhack.com\/\"},{\"@type\":\"ListItem\",\"position\":2,\"name\":\"My approach\"}]},{\"@type\":\"WebSite\",\"@id\":\"https:\/\/innermindhack.com\/#website\",\"url\":\"https:\/\/innermindhack.com\/\",\"name\":\"Nadja Coach\",\"description\":\"\",\"publisher\":{\"@id\":\"https:\/\/innermindhack.com\/#organization\"},\"potentialAction\":[{\"@type\":\"SearchAction\",\"target\":{\"@type\":\"EntryPoint\",\"urlTemplate\":\"https:\/\/innermindhack.com\/?s={search_term_string}\"},\"query-input\":{\"@type\":\"PropertyValueSpecification\",\"valueRequired\":true,\"valueName\":\"search_term_string\"}}],\"inLanguage\":\"de\"},{\"@type\":\"Organization\",\"@id\":\"https:\/\/innermindhack.com\/#organization\",\"name\":\"Nadja Coach\",\"url\":\"https:\/\/innermindhack.com\/\",\"logo\":{\"@type\":\"ImageObject\",\"inLanguage\":\"de\",\"@id\":\"https:\/\/innermindhack.com\/#\/schema\/logo\/image\/\",\"url\":\"https:\/\/innermindhack.com\/wp-content\/uploads\/2024\/12\/Inner-Mind-Hack.png\",\"contentUrl\":\"https:\/\/innermindhack.com\/wp-content\/uploads\/2024\/12\/Inner-Mind-Hack.png\",\"width\":414,\"height\":98,\"caption\":\"Nadja Coach\"},\"image\":{\"@id\":\"https:\/\/innermindhack.com\/#\/schema\/logo\/image\/\"}}]}<\/script>\n<!-- \/ Yoast SEO plugin. -->","yoast_head_json":{"title":"My approach - Nadja Coach","robots":{"index":"noindex","follow":"follow","max-snippet":"max-snippet:-1","max-image-preview":"max-image-preview:large","max-video-preview":"max-video-preview:-1"},"og_locale":"de_DE","og_type":"article","og_title":"My approach - Nadja Coach","og_description":"Neuro-Linguistic Programming NLP, founded by Richard Bandler, focuses on the connection between neurological processes, language, and behavioural patterns. It empowers individuals to create meaningful change by understanding and reprogramming the way they think and communicate. My NLP training equips me to guide clients in breaking free from limiting beliefs and outdated patterns, enabling them to [&hellip;]","og_url":"https:\/\/innermindhack.com\/de\/my-approach\/","og_site_name":"Nadja Coach","article_modified_time":"2024-12-23T17:12:17+00:00","twitter_card":"summary_large_image","twitter_misc":{"Gesch\u00e4tzte Lesezeit":"3\u00a0Minuten"},"schema":{"@context":"https:\/\/schema.org","@graph":[{"@type":"WebPage","@id":"https:\/\/innermindhack.com\/my-approach\/","url":"https:\/\/innermindhack.com\/my-approach\/","name":"My approach - Nadja Coach","isPartOf":{"@id":"https:\/\/innermindhack.com\/#website"},"datePublished":"2024-12-03T17:30:36+00:00","dateModified":"2024-12-23T17:12:17+00:00","breadcrumb":{"@id":"https:\/\/innermindhack.com\/my-approach\/#breadcrumb"},"inLanguage":"de","potentialAction":[{"@type":"ReadAction","target":["https:\/\/innermindhack.com\/my-approach\/"]}]},{"@type":"BreadcrumbList","@id":"https:\/\/innermindhack.com\/my-approach\/#breadcrumb","itemListElement":[{"@type":"ListItem","position":1,"name":"Home","item":"https:\/\/innermindhack.com\/"},{"@type":"ListItem","position":2,"name":"My approach"}]},{"@type":"WebSite","@id":"https:\/\/innermindhack.com\/#website","url":"https:\/\/innermindhack.com\/","name":"Nadja Coach","description":"","publisher":{"@id":"https:\/\/innermindhack.com\/#organization"},"potentialAction":[{"@type":"SearchAction","target":{"@type":"EntryPoint","urlTemplate":"https:\/\/innermindhack.com\/?s={search_term_string}"},"query-input":{"@type":"PropertyValueSpecification","valueRequired":true,"valueName":"search_term_string"}}],"inLanguage":"de"},{"@type":"Organization","@id":"https:\/\/innermindhack.com\/#organization","name":"Nadja Coach","url":"https:\/\/innermindhack.com\/","logo":{"@type":"ImageObject","inLanguage":"de","@id":"https:\/\/innermindhack.com\/#\/schema\/logo\/image\/","url":"https:\/\/innermindhack.com\/wp-content\/uploads\/2024\/12\/Inner-Mind-Hack.png","contentUrl":"https:\/\/innermindhack.com\/wp-content\/uploads\/2024\/12\/Inner-Mind-Hack.png","width":414,"height":98,"caption":"Nadja Coach"},"image":{"@id":"https:\/\/innermindhack.com\/#\/schema\/logo\/image\/"}}]}},"_links":{"self":[{"href":"https:\/\/innermindhack.com\/de\/wp-json\/wp\/v2\/pages\/17","targetHints":{"allow":["GET"]}}],"collection":[{"href":"https:\/\/innermindhack.com\/de\/wp-json\/wp\/v2\/pages"}],"about":[{"href":"https:\/\/innermindhack.com\/de\/wp-json\/wp\/v2\/types\/page"}],"author":[{"embeddable":true,"href":"https:\/\/innermindhack.com\/de\/wp-json\/wp\/v2\/users\/1"}],"replies":[{"embeddable":true,"href":"https:\/\/innermindhack.com\/de\/wp-json\/wp\/v2\/comments?post=17"}],"version-history":[{"count":109,"href":"https:\/\/innermindhack.com\/de\/wp-json\/wp\/v2\/pages\/17\/revisions"}],"predecessor-version":[{"id":1224,"href":"https:\/\/innermindhack.com\/de\/wp-json\/wp\/v2\/pages\/17\/revisions\/1224"}],"wp:attachment":[{"href":"https:\/\/innermindhack.com\/de\/wp-json\/wp\/v2\/media?parent=17"}],"curies":[{"name":"wp","href":"https:\/\/api.w.org\/{rel}","templated":true}]}}