{"id":22,"date":"2024-12-03T17:31:54","date_gmt":"2024-12-03T17:31:54","guid":{"rendered":"https:\/\/innermindhack.com\/?page_id=22"},"modified":"2024-12-12T18:42:32","modified_gmt":"2024-12-12T18:42:32","slug":"contact","status":"publish","type":"page","link":"https:\/\/innermindhack.com\/de\/contact\/","title":{"rendered":"KONTAKT"},"content":{"rendered":"<div data-elementor-type=\"wp-page\" data-elementor-id=\"22\" class=\"elementor elementor-22\" data-elementor-post-type=\"page\">\n\t\t\t\t<div class=\"elementor-element elementor-element-50628e7 e-con-full e-flex e-con e-parent\" data-id=\"50628e7\" data-element_type=\"container\" data-e-type=\"container\">\n\t\t\t\t<div class=\"elementor-element elementor-element-ae3468a elementor-widget elementor-widget-shortcode\" data-id=\"ae3468a\" data-element_type=\"widget\" data-e-type=\"widget\" data-widget_type=\"shortcode.default\">\n\t\t\t\t<div class=\"elementor-widget-container\">\n\t\t\t\t\t\t\t<div class=\"elementor-shortcode\">\t\t<div data-elementor-type=\"section\" data-elementor-id=\"480\" class=\"elementor elementor-480\" data-elementor-post-type=\"elementor_library\">\n\t\t\t<div class=\"elementor-element elementor-element-3a41f1e e-flex e-con-boxed e-con e-parent\" data-id=\"3a41f1e\" data-element_type=\"container\" data-e-type=\"container\" data-settings=\"{&quot;background_background&quot;:&quot;classic&quot;}\">\n\t\t\t\t\t<div class=\"e-con-inner\">\n\t\t<div class=\"elementor-element elementor-element-afe7916 e-con-full e-flex e-con e-child\" data-id=\"afe7916\" data-element_type=\"container\" data-e-type=\"container\">\n\t\t\t\t<div class=\"elementor-element elementor-element-8cad1e3 elementor-button-align-start elementor-widget elementor-widget-form\" data-id=\"8cad1e3\" data-element_type=\"widget\" data-e-type=\"widget\" data-settings=\"{&quot;button_width&quot;:&quot;50&quot;,&quot;step_next_label&quot;:&quot;Next&quot;,&quot;step_previous_label&quot;:&quot;Previous&quot;,&quot;step_type&quot;:&quot;number_text&quot;,&quot;step_icon_shape&quot;:&quot;circle&quot;}\" data-widget_type=\"form.default\">\n\t\t\t\t<div class=\"elementor-widget-container\">\n\t\t\t\t\t\t\t<form class=\"elementor-form\" method=\"post\" name=\"New Form\" action=\"\">\n\t\t\t<input type=\"hidden\" name=\"post_id\" value=\"480\"\/>\n\t\t\t<input type=\"hidden\" name=\"form_id\" value=\"8cad1e3\"\/>\n\t\t\t<input type=\"hidden\" name=\"referer_title\" value=\"Nadja Coach\" \/>\n\n\t\t\t\n\t\t\t<div class=\"elementor-form-fields-wrapper elementor-labels-\">\n\t\t\t\t\t\t\t\t<div class=\"elementor-field-type-text elementor-field-group elementor-column elementor-field-group-name elementor-col-100\">\n\t\t\t\t\t\t\t\t\t\t\t\t<label for=\"form-field-name\" class=\"elementor-field-label elementor-screen-only\">\n\t\t\t\t\t\t\t\tName\t\t\t\t\t\t\t<\/label>\n\t\t\t\t\t\t\t\t\t\t\t\t\t\t<input size=\"1\" type=\"text\" name=\"form_fields[name]\" id=\"form-field-name\" class=\"elementor-field elementor-size-lg  elementor-field-textual\" placeholder=\"Name\">\n\t\t\t\t\t\t\t\t\t\t\t<\/div>\n\t\t\t\t\t\t\t\t<div class=\"elementor-field-type-tel elementor-field-group elementor-column elementor-field-group-field_f39aead elementor-col-100\">\n\t\t\t\t\t\t\t\t\t\t\t\t<label for=\"form-field-field_f39aead\" class=\"elementor-field-label elementor-screen-only\">\n\t\t\t\t\t\t\t\tPhone\t\t\t\t\t\t\t<\/label>\n\t\t\t\t\t\t\t\t<input size=\"1\" type=\"tel\" name=\"form_fields[field_f39aead]\" id=\"form-field-field_f39aead\" class=\"elementor-field elementor-size-lg  elementor-field-textual\" placeholder=\"Phone\" pattern=\"[0-9()#&amp;+*-=.]+\" title=\"Only numbers and phone characters (#, -, *, etc) are accepted.\">\n\n\t\t\t\t\t\t<\/div>\n\t\t\t\t\t\t\t\t<div class=\"elementor-field-type-email elementor-field-group elementor-column elementor-field-group-email elementor-col-100 elementor-field-required\">\n\t\t\t\t\t\t\t\t\t\t\t\t<label for=\"form-field-email\" class=\"elementor-field-label elementor-screen-only\">\n\t\t\t\t\t\t\t\tEmail\t\t\t\t\t\t\t<\/label>\n\t\t\t\t\t\t\t\t\t\t\t\t\t\t<input size=\"1\" type=\"email\" name=\"form_fields[email]\" id=\"form-field-email\" class=\"elementor-field elementor-size-lg  elementor-field-textual\" placeholder=\"Email Address\" required=\"required\" aria-required=\"true\">\n\t\t\t\t\t\t\t\t\t\t\t<\/div>\n\t\t\t\t\t\t\t\t<div class=\"elementor-field-type-text elementor-field-group elementor-column elementor-field-group-field_7d25e57 elementor-col-100 elementor-field-required\">\n\t\t\t\t\t\t\t\t\t\t\t\t<label for=\"form-field-field_7d25e57\" class=\"elementor-field-label elementor-screen-only\">\n\t\t\t\t\t\t\t\tSubject\t\t\t\t\t\t\t<\/label>\n\t\t\t\t\t\t\t\t\t\t\t\t\t\t<input size=\"1\" type=\"text\" name=\"form_fields[field_7d25e57]\" id=\"form-field-field_7d25e57\" class=\"elementor-field elementor-size-lg  elementor-field-textual\" placeholder=\"Subject\" required=\"required\" aria-required=\"true\">\n\t\t\t\t\t\t\t\t\t\t\t<\/div>\n\t\t\t\t\t\t\t\t<div class=\"elementor-field-type-textarea elementor-field-group elementor-column elementor-field-group-message elementor-col-100\">\n\t\t\t\t\t\t\t\t\t\t\t\t<label for=\"form-field-message\" class=\"elementor-field-label elementor-screen-only\">\n\t\t\t\t\t\t\t\tMessage\t\t\t\t\t\t\t<\/label>\n\t\t\t\t\t\t<textarea class=\"elementor-field-textual elementor-field  elementor-size-lg\" name=\"form_fields[message]\" id=\"form-field-message\" rows=\"4\" placeholder=\"Message\"><\/textarea>\t\t\t\t<\/div>\n\t\t\t\t\t\t\t\t<div class=\"elementor-field-type-recaptcha_v3 elementor-field-group elementor-column elementor-field-group-field_2addc55 elementor-col-100 recaptcha_v3-bottomright\">\n\t\t\t\t\t<div class=\"elementor-field\" id=\"form-field-field_2addc55\"><div class=\"elementor-g-recaptcha\" data-sitekey=\"6LeH9aQqAAAAAFKRqi3Sgf3FnnGKInLWD7QFHk2v\" data-type=\"v3\" data-action=\"Form\" data-badge=\"bottomright\" data-size=\"invisible\"><\/div><\/div>\t\t\t\t<\/div>\n\t\t\t\t\t\t\t\t<div class=\"elementor-field-group elementor-column elementor-field-type-submit elementor-col-50 e-form__buttons\">\n\t\t\t\t\t<button class=\"elementor-button elementor-size-lg elementor-animation-shrink\" type=\"submit\">\n\t\t\t\t\t\t<span class=\"elementor-button-content-wrapper\">\n\t\t\t\t\t\t\t\t\t\t\t\t\t\t\t\t\t\t\t\t\t\t<span class=\"elementor-button-text\">Send Message<\/span>\n\t\t\t\t\t\t\t\t\t\t\t\t\t<\/span>\n\t\t\t\t\t<\/button>\n\t\t\t\t<\/div>\n\t\t\t<\/div>\n\t\t<input type=\"hidden\" name=\"trp-form-language\" value=\"de\"\/><\/form>\n\t\t\t\t\t\t<\/div>\n\t\t\t\t<\/div>\n\t\t\t\t<\/div>\n\t\t<div class=\"elementor-element elementor-element-c2d615c e-con-full e-flex e-con e-child\" data-id=\"c2d615c\" data-element_type=\"container\" data-e-type=\"container\">\n\t\t\t\t<div class=\"elementor-element elementor-element-40f0ae1 elementor-widget__width-inherit elementor-widget elementor-widget-heading\" data-id=\"40f0ae1\" data-element_type=\"widget\" data-e-type=\"widget\" data-widget_type=\"heading.default\">\n\t\t\t\t<div class=\"elementor-widget-container\">\n\t\t\t\t\t<h2 class=\"elementor-heading-title elementor-size-default\">Kontakt<\/h2>\t\t\t\t<\/div>\n\t\t\t\t<\/div>\n\t\t\t\t<div class=\"elementor-element elementor-element-5b4b91b elementor-widget-divider--view-line elementor-widget elementor-widget-divider\" data-id=\"5b4b91b\" data-element_type=\"widget\" data-e-type=\"widget\" data-widget_type=\"divider.default\">\n\t\t\t\t<div class=\"elementor-widget-container\">\n\t\t\t\t\t\t\t<div class=\"elementor-divider\">\n\t\t\t<span class=\"elementor-divider-separator\">\n\t\t\t\t\t\t<\/span>\n\t\t<\/div>\n\t\t\t\t\t\t<\/div>\n\t\t\t\t<\/div>\n\t\t\t\t<div class=\"elementor-element elementor-element-654230f elementor-widget__width-initial elementor-widget elementor-widget-text-editor\" data-id=\"654230f\" data-element_type=\"widget\" data-e-type=\"widget\" data-widget_type=\"text-editor.default\">\n\t\t\t\t<div class=\"elementor-widget-container\">\n\t\t\t\t\t\t\t\t\t<p>Session-Sprache: Deutsch oder Englisch<\/p>\n<p>Der erste Schritt, einen neuen Coach oder Therapeuten zu kontaktieren, kann sich wie eine gro\u00dfe Entscheidung anf\u00fchlen. Deshalb biete ich dir bei Bedarf ein kostenloses 15-min\u00fctiges Kennenlerngespr\u00e4ch an.<br>In diesem Gespr\u00e4ch k\u00f6nnen wir gemeinsam kl\u00e4ren, was dich bewegt, und pr\u00fcfen, ob ich die richtige Unterst\u00fctzung f\u00fcr dich bin.<\/p>\n<p>Bei Fragen zum Ablauf oder zur Terminvereinbarung kannst du dich jederzeit bei mir melden. Ich beantworte alle Anfragen in der Regel innerhalb von zwei Werktagen und behandle deine Angaben selbstverst\u00e4ndlich vertraulich.<\/p>\n<p>Du erreichst mich ganz unkompliziert \u00fcber das Kontaktformular.<\/p><p>&#8211; Nadja<\/p>\t\t\t\t\t\t\t\t<\/div>\n\t\t\t\t<\/div>\n\t\t\t\t<div class=\"elementor-element elementor-element-b70b051 elementor-widget-divider--view-line elementor-widget elementor-widget-divider\" data-id=\"b70b051\" data-element_type=\"widget\" data-e-type=\"widget\" data-widget_type=\"divider.default\">\n\t\t\t\t<div class=\"elementor-widget-container\">\n\t\t\t\t\t\t\t<div class=\"elementor-divider\">\n\t\t\t<span class=\"elementor-divider-separator\">\n\t\t\t\t\t\t<\/span>\n\t\t<\/div>\n\t\t\t\t\t\t<\/div>\n\t\t\t\t<\/div>\n\t\t\t\t<div class=\"elementor-element elementor-element-cfb7fc3 elementor-widget__width-initial elementor-widget elementor-widget-text-editor\" data-id=\"cfb7fc3\" data-element_type=\"widget\" data-e-type=\"widget\" data-widget_type=\"text-editor.default\">\n\t\t\t\t<div class=\"elementor-widget-container\">\n\t\t\t\t\t\t\t\t\t<p>Price: 140 Euro (including VAT) for private clients. Zoom or In-Person in Heidelberg<\/p>\t\t\t\t\t\t\t\t<\/div>\n\t\t\t\t<\/div>\n\t\t\t\t<div class=\"elementor-element elementor-element-5937b04 elementor-widget__width-initial elementor-widget elementor-widget-text-editor\" data-id=\"5937b04\" data-element_type=\"widget\" data-e-type=\"widget\" data-widget_type=\"text-editor.default\">\n\t\t\t\t<div class=\"elementor-widget-container\">\n\t\t\t\t\t\t\t\t\t<p>Heidelberg, Deutschland<\/p>\t\t\t\t\t\t\t\t<\/div>\n\t\t\t\t<\/div>\n\t\t\t\t<\/div>\n\t\t\t\t\t<\/div>\n\t\t\t\t<\/div>\n\t\t\t\t<\/div>\n\t\t<\/div>\n\t\t\t\t\t\t<\/div>\n\t\t\t\t<\/div>\n\t\t\t\t<\/div>\n\t\t\t\t<\/div>","protected":false},"excerpt":{"rendered":"","protected":false},"author":1,"featured_media":0,"parent":0,"menu_order":0,"comment_status":"closed","ping_status":"closed","template":"elementor_header_footer","meta":{"footnotes":""},"class_list":["post-22","page","type-page","status-publish","hentry"],"yoast_head":"<!-- This site is optimized with the Yoast SEO plugin v24.1 - https:\/\/yoast.com\/wordpress\/plugins\/seo\/ -->\n<title>Contact - Nadja Coach<\/title>\n<meta name=\"robots\" content=\"noindex, follow, max-snippet:-1, max-image-preview:large, max-video-preview:-1\" \/>\n<meta property=\"og:locale\" content=\"de_DE\" \/>\n<meta property=\"og:type\" content=\"article\" \/>\n<meta property=\"og:title\" content=\"Contact - Nadja Coach\" \/>\n<meta property=\"og:url\" content=\"https:\/\/innermindhack.com\/de\/contact\/\" \/>\n<meta property=\"og:site_name\" content=\"Nadja Coach\" \/>\n<meta property=\"article:modified_time\" content=\"2024-12-12T18:42:32+00:00\" \/>\n<meta name=\"twitter:card\" content=\"summary_large_image\" \/>\n<script type=\"application\/ld+json\" class=\"yoast-schema-graph\">{\"@context\":\"https:\/\/schema.org\",\"@graph\":[{\"@type\":\"WebPage\",\"@id\":\"https:\/\/innermindhack.com\/contact\/\",\"url\":\"https:\/\/innermindhack.com\/contact\/\",\"name\":\"Contact - Nadja Coach\",\"isPartOf\":{\"@id\":\"https:\/\/innermindhack.com\/#website\"},\"datePublished\":\"2024-12-03T17:31:54+00:00\",\"dateModified\":\"2024-12-12T18:42:32+00:00\",\"breadcrumb\":{\"@id\":\"https:\/\/innermindhack.com\/contact\/#breadcrumb\"},\"inLanguage\":\"de\",\"potentialAction\":[{\"@type\":\"ReadAction\",\"target\":[\"https:\/\/innermindhack.com\/contact\/\"]}]},{\"@type\":\"BreadcrumbList\",\"@id\":\"https:\/\/innermindhack.com\/contact\/#breadcrumb\",\"itemListElement\":[{\"@type\":\"ListItem\",\"position\":1,\"name\":\"Home\",\"item\":\"https:\/\/innermindhack.com\/\"},{\"@type\":\"ListItem\",\"position\":2,\"name\":\"Contact\"}]},{\"@type\":\"WebSite\",\"@id\":\"https:\/\/innermindhack.com\/#website\",\"url\":\"https:\/\/innermindhack.com\/\",\"name\":\"Nadja Coach\",\"description\":\"\",\"publisher\":{\"@id\":\"https:\/\/innermindhack.com\/#organization\"},\"potentialAction\":[{\"@type\":\"SearchAction\",\"target\":{\"@type\":\"EntryPoint\",\"urlTemplate\":\"https:\/\/innermindhack.com\/?s={search_term_string}\"},\"query-input\":{\"@type\":\"PropertyValueSpecification\",\"valueRequired\":true,\"valueName\":\"search_term_string\"}}],\"inLanguage\":\"de\"},{\"@type\":\"Organization\",\"@id\":\"https:\/\/innermindhack.com\/#organization\",\"name\":\"Nadja Coach\",\"url\":\"https:\/\/innermindhack.com\/\",\"logo\":{\"@type\":\"ImageObject\",\"inLanguage\":\"de\",\"@id\":\"https:\/\/innermindhack.com\/#\/schema\/logo\/image\/\",\"url\":\"https:\/\/innermindhack.com\/wp-content\/uploads\/2024\/12\/Inner-Mind-Hack.png\",\"contentUrl\":\"https:\/\/innermindhack.com\/wp-content\/uploads\/2024\/12\/Inner-Mind-Hack.png\",\"width\":414,\"height\":98,\"caption\":\"Nadja Coach\"},\"image\":{\"@id\":\"https:\/\/innermindhack.com\/#\/schema\/logo\/image\/\"}}]}<\/script>\n<!-- \/ Yoast SEO plugin. -->","yoast_head_json":{"title":"Contact - Nadja Coach","robots":{"index":"noindex","follow":"follow","max-snippet":"max-snippet:-1","max-image-preview":"max-image-preview:large","max-video-preview":"max-video-preview:-1"},"og_locale":"de_DE","og_type":"article","og_title":"Contact - Nadja Coach","og_url":"https:\/\/innermindhack.com\/de\/contact\/","og_site_name":"Nadja Coach","article_modified_time":"2024-12-12T18:42:32+00:00","twitter_card":"summary_large_image","schema":{"@context":"https:\/\/schema.org","@graph":[{"@type":"WebPage","@id":"https:\/\/innermindhack.com\/contact\/","url":"https:\/\/innermindhack.com\/contact\/","name":"Contact - Nadja Coach","isPartOf":{"@id":"https:\/\/innermindhack.com\/#website"},"datePublished":"2024-12-03T17:31:54+00:00","dateModified":"2024-12-12T18:42:32+00:00","breadcrumb":{"@id":"https:\/\/innermindhack.com\/contact\/#breadcrumb"},"inLanguage":"de","potentialAction":[{"@type":"ReadAction","target":["https:\/\/innermindhack.com\/contact\/"]}]},{"@type":"BreadcrumbList","@id":"https:\/\/innermindhack.com\/contact\/#breadcrumb","itemListElement":[{"@type":"ListItem","position":1,"name":"Home","item":"https:\/\/innermindhack.com\/"},{"@type":"ListItem","position":2,"name":"Contact"}]},{"@type":"WebSite","@id":"https:\/\/innermindhack.com\/#website","url":"https:\/\/innermindhack.com\/","name":"Nadja Coach","description":"","publisher":{"@id":"https:\/\/innermindhack.com\/#organization"},"potentialAction":[{"@type":"SearchAction","target":{"@type":"EntryPoint","urlTemplate":"https:\/\/innermindhack.com\/?s={search_term_string}"},"query-input":{"@type":"PropertyValueSpecification","valueRequired":true,"valueName":"search_term_string"}}],"inLanguage":"de"},{"@type":"Organization","@id":"https:\/\/innermindhack.com\/#organization","name":"Nadja Coach","url":"https:\/\/innermindhack.com\/","logo":{"@type":"ImageObject","inLanguage":"de","@id":"https:\/\/innermindhack.com\/#\/schema\/logo\/image\/","url":"https:\/\/innermindhack.com\/wp-content\/uploads\/2024\/12\/Inner-Mind-Hack.png","contentUrl":"https:\/\/innermindhack.com\/wp-content\/uploads\/2024\/12\/Inner-Mind-Hack.png","width":414,"height":98,"caption":"Nadja Coach"},"image":{"@id":"https:\/\/innermindhack.com\/#\/schema\/logo\/image\/"}}]}},"_links":{"self":[{"href":"https:\/\/innermindhack.com\/de\/wp-json\/wp\/v2\/pages\/22","targetHints":{"allow":["GET"]}}],"collection":[{"href":"https:\/\/innermindhack.com\/de\/wp-json\/wp\/v2\/pages"}],"about":[{"href":"https:\/\/innermindhack.com\/de\/wp-json\/wp\/v2\/types\/page"}],"author":[{"embeddable":true,"href":"https:\/\/innermindhack.com\/de\/wp-json\/wp\/v2\/users\/1"}],"replies":[{"embeddable":true,"href":"https:\/\/innermindhack.com\/de\/wp-json\/wp\/v2\/comments?post=22"}],"version-history":[{"count":16,"href":"https:\/\/innermindhack.com\/de\/wp-json\/wp\/v2\/pages\/22\/revisions"}],"predecessor-version":[{"id":845,"href":"https:\/\/innermindhack.com\/de\/wp-json\/wp\/v2\/pages\/22\/revisions\/845"}],"wp:attachment":[{"href":"https:\/\/innermindhack.com\/de\/wp-json\/wp\/v2\/media?parent=22"}],"curies":[{"name":"wp","href":"https:\/\/api.w.org\/{rel}","templated":true}]}}